{"id":6722,"date":"2020-11-05T09:44:58","date_gmt":"2020-11-05T08:44:58","guid":{"rendered":"https:\/\/www.apolco-international.com\/?page_id=6722"},"modified":"2020-11-10T17:39:34","modified_gmt":"2020-11-10T16:39:34","slug":"additifs-pour-transmission","status":"publish","type":"page","link":"https:\/\/www.apolco-international.com\/fr\/produit\/additifs-pour-transmission\/","title":{"rendered":"Additifs pour Transmission"},"content":{"rendered":"[vc_row type=\u00a0\u00bbin_container\u00a0\u00bb full_screen_row_position=\u00a0\u00bbmiddle\u00a0\u00bb column_margin=\u00a0\u00bbdefault\u00a0\u00bb scene_position=\u00a0\u00bbcenter\u00a0\u00bb text_color=\u00a0\u00bbdark\u00a0\u00bb text_align=\u00a0\u00bbleft\u00a0\u00bb overlay_strength=\u00a0\u00bb0.3&Prime; shape_divider_position=\u00a0\u00bbbottom\u00a0\u00bb bg_image_animation=\u00a0\u00bbnone\u00a0\u00bb][vc_column column_padding=\u00a0\u00bbno-extra-padding\u00a0\u00bb column_padding_position=\u00a0\u00bball\u00a0\u00bb background_color_opacity=\u00a0\u00bb1&Prime; background_hover_color_opacity=\u00a0\u00bb1&Prime; column_link_target=\u00a0\u00bb_self\u00a0\u00bb column_shadow=\u00a0\u00bbnone\u00a0\u00bb column_border_radius=\u00a0\u00bbnone\u00a0\u00bb width=\u00a0\u00bb1\/1&Prime; tablet_width_inherit=\u00a0\u00bbdefault\u00a0\u00bb tablet_text_alignment=\u00a0\u00bbdefault\u00a0\u00bb phone_text_alignment=\u00a0\u00bbdefault\u00a0\u00bb overlay_strength=\u00a0\u00bb0.3&Prime; column_border_width=\u00a0\u00bbnone\u00a0\u00bb column_border_style=\u00a0\u00bbsolid\u00a0\u00bb bg_image_animation=\u00a0\u00bbnone\u00a0\u00bb][vc_column_text]\n<h1 style=\"text-align: center;\"><strong>Additifs pour Transmission<\/strong><\/h1>\n[\/vc_column_text][divider line_type=\u00a0\u00bbFull Width Line\u00a0\u00bb line_thickness=\u00a0\u00bb1&Prime; divider_color=\u00a0\u00bbdefault\u00a0\u00bb animate=\u00a0\u00bbyes\u00a0\u00bb][\/vc_column][\/vc_row][vc_row type=\u00a0\u00bbin_container\u00a0\u00bb full_screen_row_position=\u00a0\u00bbmiddle\u00a0\u00bb column_margin=\u00a0\u00bbdefault\u00a0\u00bb scene_position=\u00a0\u00bbcenter\u00a0\u00bb text_color=\u00a0\u00bbdark\u00a0\u00bb text_align=\u00a0\u00bbleft\u00a0\u00bb overlay_strength=\u00a0\u00bb0.3&Prime; shape_divider_position=\u00a0\u00bbbottom\u00a0\u00bb bg_image_animation=\u00a0\u00bbnone\u00a0\u00bb][vc_column column_padding=\u00a0\u00bbno-extra-padding\u00a0\u00bb column_padding_position=\u00a0\u00bball\u00a0\u00bb background_color_opacity=\u00a0\u00bb1&Prime; background_hover_color_opacity=\u00a0\u00bb1&Prime; column_link_target=\u00a0\u00bb_self\u00a0\u00bb column_shadow=\u00a0\u00bbnone\u00a0\u00bb column_border_radius=\u00a0\u00bbnone\u00a0\u00bb width=\u00a0\u00bb1\/2&Prime; tablet_width_inherit=\u00a0\u00bbdefault\u00a0\u00bb tablet_text_alignment=\u00a0\u00bbdefault\u00a0\u00bb phone_text_alignment=\u00a0\u00bbdefault\u00a0\u00bb overlay_strength=\u00a0\u00bb0.3&Prime; column_border_width=\u00a0\u00bbnone\u00a0\u00bb column_border_style=\u00a0\u00bbsolid\u00a0\u00bb bg_image_animation=\u00a0\u00bbnone\u00a0\u00bb][vc_column_text]Les Additifs pour transmission APOLCO, vous aident \u00e0 cr\u00e9er des lubrifiants pour tout le segment de la transmission. Qu\u2019il s\u2019agisse d\u2019une Huile de transmission g\u00e9n\u00e9rale, d\u2019une Huile de transmission automatique (ATF), d\u2019une Huile de transmission manuelle ou d\u2019une Huile pour applications tracteur et tout-terrain (UTTO\/STOU), APOLCO dispose du produit qu\u2019il faut. Nos additifs vous garantiront des lubrifiants de meilleures performances et une protection optimale r\u00e9pondant aux normes les plus r\u00e9centes.<br \/>\nNous d\u00e9finirons avec vous l&rsquo;application exacte et vous proposerons une solution sp\u00e9cifique \u00e0 vos besoins. Nous vous fournirons les r\u00e9sultats des tests et les rapports n\u00e9cessaires pour rendre le processus facile et pratique. <\/p>\n<p>Avantages de nos Additifs pour les  huiles de transmission:<\/p>\n<ul>\n<li>Test\u00e9s dans les moindres d\u00e9tails<\/li>\n<li>Co\u00fbt net concurrentiel en taux de traitement<\/li>\n<li>Performance en Cascade<\/li>\n<li>Options de m\u00e9lange flexibles<\/li>\n<li>Donn\u00e9es de test disponibles<\/li>\n<\/ul>\n[\/vc_column_text][\/vc_column][vc_column column_padding=\u00a0\u00bbno-extra-padding\u00a0\u00bb column_padding_position=\u00a0\u00bball\u00a0\u00bb background_color_opacity=\u00a0\u00bb1&Prime; background_hover_color_opacity=\u00a0\u00bb1&Prime; column_link_target=\u00a0\u00bb_self\u00a0\u00bb column_shadow=\u00a0\u00bbnone\u00a0\u00bb column_border_radius=\u00a0\u00bbnone\u00a0\u00bb width=\u00a0\u00bb1\/2&Prime; tablet_width_inherit=\u00a0\u00bbdefault\u00a0\u00bb tablet_text_alignment=\u00a0\u00bbdefault\u00a0\u00bb phone_text_alignment=\u00a0\u00bbdefault\u00a0\u00bb overlay_strength=\u00a0\u00bb0.3&Prime; column_border_width=\u00a0\u00bbnone\u00a0\u00bb column_border_style=\u00a0\u00bbsolid\u00a0\u00bb bg_image_animation=\u00a0\u00bbnone\u00a0\u00bb][image_with_animation image_url=\u00a0\u00bb6564&Prime; alignment=\u00a0\u00bb\u00a0\u00bb animation=\u00a0\u00bbFade In\u00a0\u00bb hover_animation=\u00a0\u00bbnone\u00a0\u00bb border_radius=\u00a0\u00bb10px\u00a0\u00bb box_shadow=\u00a0\u00bblarge_depth\u00a0\u00bb image_loading=\u00a0\u00bbdefault\u00a0\u00bb max_width=\u00a0\u00bb100%\u00a0\u00bb max_width_mobile=\u00a0\u00bbdefault\u00a0\u00bb][\/vc_column][\/vc_row]\n","protected":false},"excerpt":{"rendered":"<p>[vc_row type=\u00a0\u00bbin_container\u00a0\u00bb full_screen_row_position=\u00a0\u00bbmiddle\u00a0\u00bb column_margin=\u00a0\u00bbdefault\u00a0\u00bb scene_position=\u00a0\u00bbcenter\u00a0\u00bb text_color=\u00a0\u00bbdark\u00a0\u00bb text_align=\u00a0\u00bbleft\u00a0\u00bb overlay_strength=\u00a0\u00bb0.3&Prime; shape_divider_position=\u00a0\u00bbbottom\u00a0\u00bb bg_image_animation=\u00a0\u00bbnone\u00a0\u00bb][vc_column column_padding=\u00a0\u00bbno-extra-padding\u00a0\u00bb column_padding_position=\u00a0\u00bball\u00a0\u00bb background_color_opacity=\u00a0\u00bb1&Prime; background_hover_color_opacity=\u00a0\u00bb1&Prime; column_link_target=\u00a0\u00bb_self\u00a0\u00bb column_shadow=\u00a0\u00bbnone\u00a0\u00bb column_border_radius=\u00a0\u00bbnone\u00a0\u00bb width=\u00a0\u00bb1\/1&Prime; tablet_width_inherit=\u00a0\u00bbdefault\u00a0\u00bb tablet_text_alignment=\u00a0\u00bbdefault\u00a0\u00bb phone_text_alignment=\u00a0\u00bbdefault\u00a0\u00bb overlay_strength=\u00a0\u00bb0.3&Prime; column_border_width=\u00a0\u00bbnone\u00a0\u00bb column_border_style=\u00a0\u00bbsolid\u00a0\u00bb bg_image_animation=\u00a0\u00bbnone\u00a0\u00bb][vc_column_text] Additifs pour Transmission [\/vc_column_text][divider line_type=\u00a0\u00bbFull&#8230;<\/p>\n","protected":false},"author":2,"featured_media":0,"parent":6714,"menu_order":0,"comment_status":"closed","ping_status":"closed","template":"","meta":{"inline_featured_image":false,"footnotes":""},"yoast_head":"<!-- This site is optimized with the Yoast SEO plugin v22.6 - https:\/\/yoast.com\/wordpress\/plugins\/seo\/ -->\n<title>Additifs pour Transmission - Apolco B.V.<\/title>\n<meta name=\"robots\" content=\"index, follow, max-snippet:-1, max-image-preview:large, max-video-preview:-1\" \/>\n<link rel=\"canonical\" href=\"https:\/\/www.apolco-international.com\/fr\/produit\/additifs-pour-transmission\/\" \/>\n<meta property=\"og:locale\" content=\"fr_FR\" \/>\n<meta property=\"og:type\" content=\"article\" \/>\n<meta property=\"og:title\" content=\"Additifs pour Transmission - Apolco B.V.\" \/>\n<meta property=\"og:description\" content=\"[vc_row type=\u00a0\u00bbin_container\u00a0\u00bb full_screen_row_position=\u00a0\u00bbmiddle\u00a0\u00bb column_margin=\u00a0\u00bbdefault\u00a0\u00bb scene_position=\u00a0\u00bbcenter\u00a0\u00bb text_color=\u00a0\u00bbdark\u00a0\u00bb text_align=\u00a0\u00bbleft\u00a0\u00bb overlay_strength=\u00a0\u00bb0.3&Prime; shape_divider_position=\u00a0\u00bbbottom\u00a0\u00bb bg_image_animation=\u00a0\u00bbnone\u00a0\u00bb][vc_column column_padding=\u00a0\u00bbno-extra-padding\u00a0\u00bb column_padding_position=\u00a0\u00bball\u00a0\u00bb background_color_opacity=\u00a0\u00bb1&Prime; background_hover_color_opacity=\u00a0\u00bb1&Prime; column_link_target=\u00a0\u00bb_self\u00a0\u00bb column_shadow=\u00a0\u00bbnone\u00a0\u00bb column_border_radius=\u00a0\u00bbnone\u00a0\u00bb width=\u00a0\u00bb1\/1&Prime; tablet_width_inherit=\u00a0\u00bbdefault\u00a0\u00bb tablet_text_alignment=\u00a0\u00bbdefault\u00a0\u00bb phone_text_alignment=\u00a0\u00bbdefault\u00a0\u00bb overlay_strength=\u00a0\u00bb0.3&Prime; column_border_width=\u00a0\u00bbnone\u00a0\u00bb column_border_style=\u00a0\u00bbsolid\u00a0\u00bb bg_image_animation=\u00a0\u00bbnone\u00a0\u00bb][vc_column_text] Additifs pour Transmission [\/vc_column_text][divider line_type=\u00a0\u00bbFull...\" \/>\n<meta property=\"og:url\" content=\"https:\/\/www.apolco-international.com\/fr\/produit\/additifs-pour-transmission\/\" \/>\n<meta property=\"og:site_name\" content=\"Apolco B.V.\" \/>\n<meta property=\"article:modified_time\" content=\"2020-11-10T16:39:34+00:00\" \/>\n<meta name=\"twitter:card\" content=\"summary_large_image\" \/>\n<meta name=\"twitter:label1\" content=\"Dur\u00e9e de lecture estim\u00e9e\" \/>\n\t<meta name=\"twitter:data1\" content=\"2 minutes\" \/>\n<script type=\"application\/ld+json\" class=\"yoast-schema-graph\">{\"@context\":\"https:\/\/schema.org\",\"@graph\":[{\"@type\":\"WebPage\",\"@id\":\"https:\/\/www.apolco-international.com\/fr\/produit\/additifs-pour-transmission\/\",\"url\":\"https:\/\/www.apolco-international.com\/fr\/produit\/additifs-pour-transmission\/\",\"name\":\"Additifs pour Transmission - Apolco B.V.\",\"isPartOf\":{\"@id\":\"https:\/\/www.apolco-international.com\/#website\"},\"datePublished\":\"2020-11-05T08:44:58+00:00\",\"dateModified\":\"2020-11-10T16:39:34+00:00\",\"breadcrumb\":{\"@id\":\"https:\/\/www.apolco-international.com\/fr\/produit\/additifs-pour-transmission\/#breadcrumb\"},\"inLanguage\":\"fr-FR\",\"potentialAction\":[{\"@type\":\"ReadAction\",\"target\":[\"https:\/\/www.apolco-international.com\/fr\/produit\/additifs-pour-transmission\/\"]}]},{\"@type\":\"BreadcrumbList\",\"@id\":\"https:\/\/www.apolco-international.com\/fr\/produit\/additifs-pour-transmission\/#breadcrumb\",\"itemListElement\":[{\"@type\":\"ListItem\",\"position\":1,\"name\":\"Home\",\"item\":\"https:\/\/www.apolco-international.com\/fr\/\"},{\"@type\":\"ListItem\",\"position\":2,\"name\":\"Produit\",\"item\":\"https:\/\/www.apolco-international.com\/fr\/produit\/\"},{\"@type\":\"ListItem\",\"position\":3,\"name\":\"Additifs pour Transmission\"}]},{\"@type\":\"WebSite\",\"@id\":\"https:\/\/www.apolco-international.com\/#website\",\"url\":\"https:\/\/www.apolco-international.com\/\",\"name\":\"Apolco B.V.\",\"description\":\"\",\"potentialAction\":[{\"@type\":\"SearchAction\",\"target\":{\"@type\":\"EntryPoint\",\"urlTemplate\":\"https:\/\/www.apolco-international.com\/?s={search_term_string}\"},\"query-input\":\"required name=search_term_string\"}],\"inLanguage\":\"fr-FR\"}]}<\/script>\n<!-- \/ Yoast SEO plugin. -->","yoast_head_json":{"title":"Additifs pour Transmission - Apolco B.V.","robots":{"index":"index","follow":"follow","max-snippet":"max-snippet:-1","max-image-preview":"max-image-preview:large","max-video-preview":"max-video-preview:-1"},"canonical":"https:\/\/www.apolco-international.com\/fr\/produit\/additifs-pour-transmission\/","og_locale":"fr_FR","og_type":"article","og_title":"Additifs pour Transmission - Apolco B.V.","og_description":"[vc_row type=\u00a0\u00bbin_container\u00a0\u00bb full_screen_row_position=\u00a0\u00bbmiddle\u00a0\u00bb column_margin=\u00a0\u00bbdefault\u00a0\u00bb scene_position=\u00a0\u00bbcenter\u00a0\u00bb text_color=\u00a0\u00bbdark\u00a0\u00bb text_align=\u00a0\u00bbleft\u00a0\u00bb overlay_strength=\u00a0\u00bb0.3&Prime; shape_divider_position=\u00a0\u00bbbottom\u00a0\u00bb bg_image_animation=\u00a0\u00bbnone\u00a0\u00bb][vc_column column_padding=\u00a0\u00bbno-extra-padding\u00a0\u00bb column_padding_position=\u00a0\u00bball\u00a0\u00bb background_color_opacity=\u00a0\u00bb1&Prime; background_hover_color_opacity=\u00a0\u00bb1&Prime; column_link_target=\u00a0\u00bb_self\u00a0\u00bb column_shadow=\u00a0\u00bbnone\u00a0\u00bb column_border_radius=\u00a0\u00bbnone\u00a0\u00bb width=\u00a0\u00bb1\/1&Prime; tablet_width_inherit=\u00a0\u00bbdefault\u00a0\u00bb tablet_text_alignment=\u00a0\u00bbdefault\u00a0\u00bb phone_text_alignment=\u00a0\u00bbdefault\u00a0\u00bb overlay_strength=\u00a0\u00bb0.3&Prime; column_border_width=\u00a0\u00bbnone\u00a0\u00bb column_border_style=\u00a0\u00bbsolid\u00a0\u00bb bg_image_animation=\u00a0\u00bbnone\u00a0\u00bb][vc_column_text] Additifs pour Transmission [\/vc_column_text][divider line_type=\u00a0\u00bbFull...","og_url":"https:\/\/www.apolco-international.com\/fr\/produit\/additifs-pour-transmission\/","og_site_name":"Apolco B.V.","article_modified_time":"2020-11-10T16:39:34+00:00","twitter_card":"summary_large_image","twitter_misc":{"Dur\u00e9e de lecture estim\u00e9e":"2 minutes"},"schema":{"@context":"https:\/\/schema.org","@graph":[{"@type":"WebPage","@id":"https:\/\/www.apolco-international.com\/fr\/produit\/additifs-pour-transmission\/","url":"https:\/\/www.apolco-international.com\/fr\/produit\/additifs-pour-transmission\/","name":"Additifs pour Transmission - Apolco B.V.","isPartOf":{"@id":"https:\/\/www.apolco-international.com\/#website"},"datePublished":"2020-11-05T08:44:58+00:00","dateModified":"2020-11-10T16:39:34+00:00","breadcrumb":{"@id":"https:\/\/www.apolco-international.com\/fr\/produit\/additifs-pour-transmission\/#breadcrumb"},"inLanguage":"fr-FR","potentialAction":[{"@type":"ReadAction","target":["https:\/\/www.apolco-international.com\/fr\/produit\/additifs-pour-transmission\/"]}]},{"@type":"BreadcrumbList","@id":"https:\/\/www.apolco-international.com\/fr\/produit\/additifs-pour-transmission\/#breadcrumb","itemListElement":[{"@type":"ListItem","position":1,"name":"Home","item":"https:\/\/www.apolco-international.com\/fr\/"},{"@type":"ListItem","position":2,"name":"Produit","item":"https:\/\/www.apolco-international.com\/fr\/produit\/"},{"@type":"ListItem","position":3,"name":"Additifs pour Transmission"}]},{"@type":"WebSite","@id":"https:\/\/www.apolco-international.com\/#website","url":"https:\/\/www.apolco-international.com\/","name":"Apolco B.V.","description":"","potentialAction":[{"@type":"SearchAction","target":{"@type":"EntryPoint","urlTemplate":"https:\/\/www.apolco-international.com\/?s={search_term_string}"},"query-input":"required name=search_term_string"}],"inLanguage":"fr-FR"}]}},"_links":{"self":[{"href":"https:\/\/www.apolco-international.com\/fr\/wp-json\/wp\/v2\/pages\/6722\/"}],"collection":[{"href":"https:\/\/www.apolco-international.com\/fr\/wp-json\/wp\/v2\/pages\/"}],"about":[{"href":"https:\/\/www.apolco-international.com\/fr\/wp-json\/wp\/v2\/types\/page\/"}],"author":[{"embeddable":true,"href":"https:\/\/www.apolco-international.com\/fr\/wp-json\/wp\/v2\/users\/2\/"}],"replies":[{"embeddable":true,"href":"https:\/\/www.apolco-international.com\/fr\/wp-json\/wp\/v2\/comments\/?post=6722"}],"version-history":[{"count":2,"href":"https:\/\/www.apolco-international.com\/fr\/wp-json\/wp\/v2\/pages\/6722\/revisions\/"}],"predecessor-version":[{"id":6776,"href":"https:\/\/www.apolco-international.com\/fr\/wp-json\/wp\/v2\/pages\/6722\/revisions\/6776\/"}],"up":[{"embeddable":true,"href":"https:\/\/www.apolco-international.com\/fr\/wp-json\/wp\/v2\/pages\/6714\/"}],"wp:attachment":[{"href":"https:\/\/www.apolco-international.com\/fr\/wp-json\/wp\/v2\/media\/?parent=6722"}],"curies":[{"name":"wp","href":"https:\/\/api.w.org\/{rel}","templated":true}]}}