{"id":6718,"date":"2020-11-05T09:43:44","date_gmt":"2020-11-05T08:43:44","guid":{"rendered":"https:\/\/www.apolco-international.com\/?page_id=6718"},"modified":"2020-11-12T10:38:27","modified_gmt":"2020-11-12T09:38:27","slug":"composants","status":"publish","type":"page","link":"https:\/\/www.apolco-international.com\/fr\/produit\/composants\/","title":{"rendered":"Composants"},"content":{"rendered":"[vc_row type=\u00a0\u00bbin_container\u00a0\u00bb full_screen_row_position=\u00a0\u00bbmiddle\u00a0\u00bb column_margin=\u00a0\u00bbdefault\u00a0\u00bb scene_position=\u00a0\u00bbcenter\u00a0\u00bb text_color=\u00a0\u00bbdark\u00a0\u00bb text_align=\u00a0\u00bbleft\u00a0\u00bb overlay_strength=\u00a0\u00bb0.3&Prime; shape_divider_position=\u00a0\u00bbbottom\u00a0\u00bb bg_image_animation=\u00a0\u00bbnone\u00a0\u00bb][vc_column column_padding=\u00a0\u00bbno-extra-padding\u00a0\u00bb column_padding_position=\u00a0\u00bball\u00a0\u00bb background_color_opacity=\u00a0\u00bb1&Prime; background_hover_color_opacity=\u00a0\u00bb1&Prime; column_link_target=\u00a0\u00bb_self\u00a0\u00bb column_shadow=\u00a0\u00bbnone\u00a0\u00bb column_border_radius=\u00a0\u00bbnone\u00a0\u00bb width=\u00a0\u00bb1\/1&Prime; tablet_width_inherit=\u00a0\u00bbdefault\u00a0\u00bb tablet_text_alignment=\u00a0\u00bbdefault\u00a0\u00bb phone_text_alignment=\u00a0\u00bbdefault\u00a0\u00bb overlay_strength=\u00a0\u00bb0.3&Prime; column_border_width=\u00a0\u00bbnone\u00a0\u00bb column_border_style=\u00a0\u00bbsolid\u00a0\u00bb bg_image_animation=\u00a0\u00bbnone\u00a0\u00bb][vc_column_text]\n<h1 style=\"text-align: center;\"><strong>Composants<\/strong><\/h1>\n[\/vc_column_text][divider line_type=\u00a0\u00bbFull Width Line\u00a0\u00bb line_thickness=\u00a0\u00bb1&Prime; divider_color=\u00a0\u00bbdefault\u00a0\u00bb animate=\u00a0\u00bbyes\u00a0\u00bb][\/vc_column][\/vc_row][vc_row type=\u00a0\u00bbin_container\u00a0\u00bb full_screen_row_position=\u00a0\u00bbmiddle\u00a0\u00bb column_margin=\u00a0\u00bbdefault\u00a0\u00bb scene_position=\u00a0\u00bbcenter\u00a0\u00bb text_color=\u00a0\u00bbdark\u00a0\u00bb text_align=\u00a0\u00bbleft\u00a0\u00bb overlay_strength=\u00a0\u00bb0.3&Prime; shape_divider_position=\u00a0\u00bbbottom\u00a0\u00bb bg_image_animation=\u00a0\u00bbnone\u00a0\u00bb][vc_column column_padding=\u00a0\u00bbpadding-3-percent\u00a0\u00bb column_padding_position=\u00a0\u00bball\u00a0\u00bb background_color_opacity=\u00a0\u00bb1&Prime; background_hover_color_opacity=\u00a0\u00bb1&Prime; column_link_target=\u00a0\u00bb_self\u00a0\u00bb column_shadow=\u00a0\u00bbnone\u00a0\u00bb column_border_radius=\u00a0\u00bbnone\u00a0\u00bb width=\u00a0\u00bb1\/2&Prime; tablet_width_inherit=\u00a0\u00bbdefault\u00a0\u00bb tablet_text_alignment=\u00a0\u00bbdefault\u00a0\u00bb phone_text_alignment=\u00a0\u00bbdefault\u00a0\u00bb overlay_strength=\u00a0\u00bb0.3&Prime; column_border_width=\u00a0\u00bbnone\u00a0\u00bb column_border_style=\u00a0\u00bbsolid\u00a0\u00bb bg_image_animation=\u00a0\u00bbnone\u00a0\u00bb][vc_column_text]APOLCO dispose d\u2019une large gamme de composants comme les d\u00e9tergents et les dispersants. Ces composants sont de la plus haute qualit\u00e9 et vous aident \u00e0 augmenter les performances de vos huiles lubrifiantes au-del\u00e0 des attentes.<\/p>\n<p>&nbsp;<\/p>\n<p><strong>Am\u00e9liorants de l`Indice de Viscosit\u00e9<\/strong><\/p>\n<p>Disponibles \u00e0 la fois sous forme solide et liquide, nos am\u00e9liorants d&rsquo;indice de viscosit\u00e9 sont con\u00e7us pour am\u00e9liorer la plage de viscosit\u00e9 effective de tous vos lubrifiants.<\/p>\n<p>Nos Top Tear VII&rsquo;s vous permettront de d\u00e9passer vos attentes et nous sommes l\u00e0 pour vous recommander le produit ad\u00e9quat pour votre application.<\/p>\n<p>&nbsp;<\/p>\n<p><strong>Sulfonates de calcium<\/strong><\/p>\n<p>Le sulfonate de calcium est normalement utilis\u00e9 comme d\u00e9tergent et inhibiteur de corrosion pour les lubrifiants Carter. Il est con\u00e7u pour fonctionner avec d\u2019autres d\u00e9tergents, comme le ph\u00e9nate de calcium, et est compatible avec la plupart des huiles de base min\u00e9rales, des huiles blanches et des bases synth\u00e9tiques.<\/p>\n<p>&nbsp;<\/p>\n<p><strong>D\u00e9presseurs du point d&rsquo;\u00e9coulement<\/strong><\/p>\n<p>Les d\u00e9presseurs du point d&rsquo;\u00e9coulement (PPD) sont un autre \u00e9l\u00e9ment cl\u00e9 de votre lubrifiant.  Ces Additifs ont \u00e9t\u00e9 soigneusement s\u00e9lectionn\u00e9s pour fournir la plus haute protection \u00e0 basse temp\u00e9rature. Ils sont compatibles avec une grande vari\u00e9t\u00e9 d&rsquo;huiles de base.[\/vc_column_text][\/vc_column][vc_column column_padding=\u00a0\u00bbno-extra-padding\u00a0\u00bb column_padding_position=\u00a0\u00bball\u00a0\u00bb background_color_opacity=\u00a0\u00bb1&Prime; background_hover_color_opacity=\u00a0\u00bb1&Prime; column_link_target=\u00a0\u00bb_self\u00a0\u00bb column_shadow=\u00a0\u00bbnone\u00a0\u00bb column_border_radius=\u00a0\u00bbnone\u00a0\u00bb width=\u00a0\u00bb1\/2&Prime; tablet_width_inherit=\u00a0\u00bbdefault\u00a0\u00bb tablet_text_alignment=\u00a0\u00bbdefault\u00a0\u00bb phone_text_alignment=\u00a0\u00bbdefault\u00a0\u00bb overlay_strength=\u00a0\u00bb0.3&Prime; column_border_width=\u00a0\u00bbnone\u00a0\u00bb column_border_style=\u00a0\u00bbsolid\u00a0\u00bb bg_image_animation=\u00a0\u00bbnone\u00a0\u00bb][image_with_animation image_url=\u00a0\u00bb6567&Prime; alignment=\u00a0\u00bb\u00a0\u00bb animation=\u00a0\u00bbFade In\u00a0\u00bb hover_animation=\u00a0\u00bbnone\u00a0\u00bb border_radius=\u00a0\u00bb10px\u00a0\u00bb box_shadow=\u00a0\u00bblarge_depth\u00a0\u00bb image_loading=\u00a0\u00bbdefault\u00a0\u00bb max_width=\u00a0\u00bb100%\u00a0\u00bb max_width_mobile=\u00a0\u00bbdefault\u00a0\u00bb][\/vc_column][\/vc_row]\n","protected":false},"excerpt":{"rendered":"<p>[vc_row type=\u00a0\u00bbin_container\u00a0\u00bb full_screen_row_position=\u00a0\u00bbmiddle\u00a0\u00bb column_margin=\u00a0\u00bbdefault\u00a0\u00bb scene_position=\u00a0\u00bbcenter\u00a0\u00bb text_color=\u00a0\u00bbdark\u00a0\u00bb text_align=\u00a0\u00bbleft\u00a0\u00bb overlay_strength=\u00a0\u00bb0.3&Prime; shape_divider_position=\u00a0\u00bbbottom\u00a0\u00bb bg_image_animation=\u00a0\u00bbnone\u00a0\u00bb][vc_column column_padding=\u00a0\u00bbno-extra-padding\u00a0\u00bb column_padding_position=\u00a0\u00bball\u00a0\u00bb background_color_opacity=\u00a0\u00bb1&Prime; background_hover_color_opacity=\u00a0\u00bb1&Prime; column_link_target=\u00a0\u00bb_self\u00a0\u00bb column_shadow=\u00a0\u00bbnone\u00a0\u00bb column_border_radius=\u00a0\u00bbnone\u00a0\u00bb width=\u00a0\u00bb1\/1&Prime; tablet_width_inherit=\u00a0\u00bbdefault\u00a0\u00bb tablet_text_alignment=\u00a0\u00bbdefault\u00a0\u00bb phone_text_alignment=\u00a0\u00bbdefault\u00a0\u00bb overlay_strength=\u00a0\u00bb0.3&Prime; column_border_width=\u00a0\u00bbnone\u00a0\u00bb column_border_style=\u00a0\u00bbsolid\u00a0\u00bb bg_image_animation=\u00a0\u00bbnone\u00a0\u00bb][vc_column_text] Composants [\/vc_column_text][divider line_type=\u00a0\u00bbFull Width Line\u00a0\u00bb&#8230;<\/p>\n","protected":false},"author":2,"featured_media":0,"parent":6714,"menu_order":0,"comment_status":"closed","ping_status":"closed","template":"","meta":{"inline_featured_image":false,"footnotes":""},"yoast_head":"<!-- This site is optimized with the Yoast SEO plugin v22.6 - https:\/\/yoast.com\/wordpress\/plugins\/seo\/ -->\n<title>Composants - Apolco B.V.<\/title>\n<meta name=\"robots\" content=\"index, follow, max-snippet:-1, max-image-preview:large, max-video-preview:-1\" \/>\n<link rel=\"canonical\" href=\"https:\/\/www.apolco-international.com\/fr\/produit\/composants\/\" \/>\n<meta property=\"og:locale\" content=\"fr_FR\" \/>\n<meta property=\"og:type\" content=\"article\" \/>\n<meta property=\"og:title\" content=\"Composants - Apolco B.V.\" \/>\n<meta property=\"og:description\" content=\"[vc_row type=\u00a0\u00bbin_container\u00a0\u00bb full_screen_row_position=\u00a0\u00bbmiddle\u00a0\u00bb column_margin=\u00a0\u00bbdefault\u00a0\u00bb scene_position=\u00a0\u00bbcenter\u00a0\u00bb text_color=\u00a0\u00bbdark\u00a0\u00bb text_align=\u00a0\u00bbleft\u00a0\u00bb overlay_strength=\u00a0\u00bb0.3&Prime; shape_divider_position=\u00a0\u00bbbottom\u00a0\u00bb bg_image_animation=\u00a0\u00bbnone\u00a0\u00bb][vc_column column_padding=\u00a0\u00bbno-extra-padding\u00a0\u00bb column_padding_position=\u00a0\u00bball\u00a0\u00bb background_color_opacity=\u00a0\u00bb1&Prime; background_hover_color_opacity=\u00a0\u00bb1&Prime; column_link_target=\u00a0\u00bb_self\u00a0\u00bb column_shadow=\u00a0\u00bbnone\u00a0\u00bb column_border_radius=\u00a0\u00bbnone\u00a0\u00bb width=\u00a0\u00bb1\/1&Prime; tablet_width_inherit=\u00a0\u00bbdefault\u00a0\u00bb tablet_text_alignment=\u00a0\u00bbdefault\u00a0\u00bb phone_text_alignment=\u00a0\u00bbdefault\u00a0\u00bb overlay_strength=\u00a0\u00bb0.3&Prime; column_border_width=\u00a0\u00bbnone\u00a0\u00bb column_border_style=\u00a0\u00bbsolid\u00a0\u00bb bg_image_animation=\u00a0\u00bbnone\u00a0\u00bb][vc_column_text] Composants [\/vc_column_text][divider line_type=\u00a0\u00bbFull Width Line\u00a0\u00bb...\" \/>\n<meta property=\"og:url\" content=\"https:\/\/www.apolco-international.com\/fr\/produit\/composants\/\" \/>\n<meta property=\"og:site_name\" content=\"Apolco B.V.\" \/>\n<meta property=\"article:modified_time\" content=\"2020-11-12T09:38:27+00:00\" \/>\n<meta name=\"twitter:card\" content=\"summary_large_image\" \/>\n<meta name=\"twitter:label1\" content=\"Dur\u00e9e de lecture estim\u00e9e\" \/>\n\t<meta name=\"twitter:data1\" content=\"3 minutes\" \/>\n<script type=\"application\/ld+json\" class=\"yoast-schema-graph\">{\"@context\":\"https:\/\/schema.org\",\"@graph\":[{\"@type\":\"WebPage\",\"@id\":\"https:\/\/www.apolco-international.com\/fr\/produit\/composants\/\",\"url\":\"https:\/\/www.apolco-international.com\/fr\/produit\/composants\/\",\"name\":\"Composants - Apolco B.V.\",\"isPartOf\":{\"@id\":\"https:\/\/www.apolco-international.com\/#website\"},\"datePublished\":\"2020-11-05T08:43:44+00:00\",\"dateModified\":\"2020-11-12T09:38:27+00:00\",\"breadcrumb\":{\"@id\":\"https:\/\/www.apolco-international.com\/fr\/produit\/composants\/#breadcrumb\"},\"inLanguage\":\"fr-FR\",\"potentialAction\":[{\"@type\":\"ReadAction\",\"target\":[\"https:\/\/www.apolco-international.com\/fr\/produit\/composants\/\"]}]},{\"@type\":\"BreadcrumbList\",\"@id\":\"https:\/\/www.apolco-international.com\/fr\/produit\/composants\/#breadcrumb\",\"itemListElement\":[{\"@type\":\"ListItem\",\"position\":1,\"name\":\"Home\",\"item\":\"https:\/\/www.apolco-international.com\/fr\/\"},{\"@type\":\"ListItem\",\"position\":2,\"name\":\"Produit\",\"item\":\"https:\/\/www.apolco-international.com\/fr\/produit\/\"},{\"@type\":\"ListItem\",\"position\":3,\"name\":\"Composants\"}]},{\"@type\":\"WebSite\",\"@id\":\"https:\/\/www.apolco-international.com\/#website\",\"url\":\"https:\/\/www.apolco-international.com\/\",\"name\":\"Apolco B.V.\",\"description\":\"\",\"potentialAction\":[{\"@type\":\"SearchAction\",\"target\":{\"@type\":\"EntryPoint\",\"urlTemplate\":\"https:\/\/www.apolco-international.com\/?s={search_term_string}\"},\"query-input\":\"required name=search_term_string\"}],\"inLanguage\":\"fr-FR\"}]}<\/script>\n<!-- \/ Yoast SEO plugin. -->","yoast_head_json":{"title":"Composants - Apolco B.V.","robots":{"index":"index","follow":"follow","max-snippet":"max-snippet:-1","max-image-preview":"max-image-preview:large","max-video-preview":"max-video-preview:-1"},"canonical":"https:\/\/www.apolco-international.com\/fr\/produit\/composants\/","og_locale":"fr_FR","og_type":"article","og_title":"Composants - Apolco B.V.","og_description":"[vc_row type=\u00a0\u00bbin_container\u00a0\u00bb full_screen_row_position=\u00a0\u00bbmiddle\u00a0\u00bb column_margin=\u00a0\u00bbdefault\u00a0\u00bb scene_position=\u00a0\u00bbcenter\u00a0\u00bb text_color=\u00a0\u00bbdark\u00a0\u00bb text_align=\u00a0\u00bbleft\u00a0\u00bb overlay_strength=\u00a0\u00bb0.3&Prime; shape_divider_position=\u00a0\u00bbbottom\u00a0\u00bb bg_image_animation=\u00a0\u00bbnone\u00a0\u00bb][vc_column column_padding=\u00a0\u00bbno-extra-padding\u00a0\u00bb column_padding_position=\u00a0\u00bball\u00a0\u00bb background_color_opacity=\u00a0\u00bb1&Prime; background_hover_color_opacity=\u00a0\u00bb1&Prime; column_link_target=\u00a0\u00bb_self\u00a0\u00bb column_shadow=\u00a0\u00bbnone\u00a0\u00bb column_border_radius=\u00a0\u00bbnone\u00a0\u00bb width=\u00a0\u00bb1\/1&Prime; tablet_width_inherit=\u00a0\u00bbdefault\u00a0\u00bb tablet_text_alignment=\u00a0\u00bbdefault\u00a0\u00bb phone_text_alignment=\u00a0\u00bbdefault\u00a0\u00bb overlay_strength=\u00a0\u00bb0.3&Prime; column_border_width=\u00a0\u00bbnone\u00a0\u00bb column_border_style=\u00a0\u00bbsolid\u00a0\u00bb bg_image_animation=\u00a0\u00bbnone\u00a0\u00bb][vc_column_text] Composants [\/vc_column_text][divider line_type=\u00a0\u00bbFull Width Line\u00a0\u00bb...","og_url":"https:\/\/www.apolco-international.com\/fr\/produit\/composants\/","og_site_name":"Apolco B.V.","article_modified_time":"2020-11-12T09:38:27+00:00","twitter_card":"summary_large_image","twitter_misc":{"Dur\u00e9e de lecture estim\u00e9e":"3 minutes"},"schema":{"@context":"https:\/\/schema.org","@graph":[{"@type":"WebPage","@id":"https:\/\/www.apolco-international.com\/fr\/produit\/composants\/","url":"https:\/\/www.apolco-international.com\/fr\/produit\/composants\/","name":"Composants - Apolco B.V.","isPartOf":{"@id":"https:\/\/www.apolco-international.com\/#website"},"datePublished":"2020-11-05T08:43:44+00:00","dateModified":"2020-11-12T09:38:27+00:00","breadcrumb":{"@id":"https:\/\/www.apolco-international.com\/fr\/produit\/composants\/#breadcrumb"},"inLanguage":"fr-FR","potentialAction":[{"@type":"ReadAction","target":["https:\/\/www.apolco-international.com\/fr\/produit\/composants\/"]}]},{"@type":"BreadcrumbList","@id":"https:\/\/www.apolco-international.com\/fr\/produit\/composants\/#breadcrumb","itemListElement":[{"@type":"ListItem","position":1,"name":"Home","item":"https:\/\/www.apolco-international.com\/fr\/"},{"@type":"ListItem","position":2,"name":"Produit","item":"https:\/\/www.apolco-international.com\/fr\/produit\/"},{"@type":"ListItem","position":3,"name":"Composants"}]},{"@type":"WebSite","@id":"https:\/\/www.apolco-international.com\/#website","url":"https:\/\/www.apolco-international.com\/","name":"Apolco B.V.","description":"","potentialAction":[{"@type":"SearchAction","target":{"@type":"EntryPoint","urlTemplate":"https:\/\/www.apolco-international.com\/?s={search_term_string}"},"query-input":"required name=search_term_string"}],"inLanguage":"fr-FR"}]}},"_links":{"self":[{"href":"https:\/\/www.apolco-international.com\/fr\/wp-json\/wp\/v2\/pages\/6718\/"}],"collection":[{"href":"https:\/\/www.apolco-international.com\/fr\/wp-json\/wp\/v2\/pages\/"}],"about":[{"href":"https:\/\/www.apolco-international.com\/fr\/wp-json\/wp\/v2\/types\/page\/"}],"author":[{"embeddable":true,"href":"https:\/\/www.apolco-international.com\/fr\/wp-json\/wp\/v2\/users\/2\/"}],"replies":[{"embeddable":true,"href":"https:\/\/www.apolco-international.com\/fr\/wp-json\/wp\/v2\/comments\/?post=6718"}],"version-history":[{"count":2,"href":"https:\/\/www.apolco-international.com\/fr\/wp-json\/wp\/v2\/pages\/6718\/revisions\/"}],"predecessor-version":[{"id":6784,"href":"https:\/\/www.apolco-international.com\/fr\/wp-json\/wp\/v2\/pages\/6718\/revisions\/6784\/"}],"up":[{"embeddable":true,"href":"https:\/\/www.apolco-international.com\/fr\/wp-json\/wp\/v2\/pages\/6714\/"}],"wp:attachment":[{"href":"https:\/\/www.apolco-international.com\/fr\/wp-json\/wp\/v2\/media\/?parent=6718"}],"curies":[{"name":"wp","href":"https:\/\/api.w.org\/{rel}","templated":true}]}}