{"id":6709,"date":"2020-11-05T09:39:07","date_gmt":"2020-11-05T08:39:07","guid":{"rendered":"https:\/\/www.apolco-international.com\/?page_id=6709"},"modified":"2020-11-05T09:39:07","modified_gmt":"2020-11-05T08:39:07","slug":"a-propos-de-nous","status":"publish","type":"page","link":"https:\/\/www.apolco-international.com\/fr\/a-propos-de-nous\/","title":{"rendered":"\u00c0 propos de nous"},"content":{"rendered":"[vc_row type=\u00a0\u00bbin_container\u00a0\u00bb full_screen_row_position=\u00a0\u00bbmiddle\u00a0\u00bb column_margin=\u00a0\u00bbdefault\u00a0\u00bb scene_position=\u00a0\u00bbcenter\u00a0\u00bb text_color=\u00a0\u00bbdark\u00a0\u00bb text_align=\u00a0\u00bbleft\u00a0\u00bb overlay_strength=\u00a0\u00bb0.3&Prime; shape_divider_position=\u00a0\u00bbbottom\u00a0\u00bb bg_image_animation=\u00a0\u00bbnone\u00a0\u00bb][vc_column column_padding=\u00a0\u00bbno-extra-padding\u00a0\u00bb column_padding_position=\u00a0\u00bball\u00a0\u00bb background_color_opacity=\u00a0\u00bb1&Prime; background_hover_color_opacity=\u00a0\u00bb1&Prime; column_link_target=\u00a0\u00bb_self\u00a0\u00bb column_shadow=\u00a0\u00bbnone\u00a0\u00bb column_border_radius=\u00a0\u00bbnone\u00a0\u00bb width=\u00a0\u00bb1\/1&Prime; tablet_width_inherit=\u00a0\u00bbdefault\u00a0\u00bb tablet_text_alignment=\u00a0\u00bbdefault\u00a0\u00bb phone_text_alignment=\u00a0\u00bbdefault\u00a0\u00bb overlay_strength=\u00a0\u00bb0.3&Prime; column_border_width=\u00a0\u00bbnone\u00a0\u00bb column_border_style=\u00a0\u00bbsolid\u00a0\u00bb bg_image_animation=\u00a0\u00bbnone\u00a0\u00bb][vc_column_text]\n<div class=\"wpb_text_column wpb_content_element \">\n<h1 class=\"wpb_wrapper\" style=\"text-align: center;\"><strong>\u00c0 propos de nous<\/strong><\/h1>\n<\/div>\n[\/vc_column_text][divider line_type=\u00a0\u00bbFull Width Line\u00a0\u00bb line_thickness=\u00a0\u00bb1&Prime; divider_color=\u00a0\u00bbdefault\u00a0\u00bb animate=\u00a0\u00bbyes\u00a0\u00bb][\/vc_column][\/vc_row][vc_row type=\u00a0\u00bbin_container\u00a0\u00bb full_screen_row_position=\u00a0\u00bbmiddle\u00a0\u00bb column_margin=\u00a0\u00bbdefault\u00a0\u00bb scene_position=\u00a0\u00bbcenter\u00a0\u00bb text_color=\u00a0\u00bbdark\u00a0\u00bb text_align=\u00a0\u00bbleft\u00a0\u00bb overlay_strength=\u00a0\u00bb0.3&Prime; shape_divider_position=\u00a0\u00bbbottom\u00a0\u00bb bg_image_animation=\u00a0\u00bbnone\u00a0\u00bb][vc_column column_padding=\u00a0\u00bbpadding-3-percent\u00a0\u00bb column_padding_position=\u00a0\u00bball\u00a0\u00bb background_color_opacity=\u00a0\u00bb1&Prime; background_hover_color_opacity=\u00a0\u00bb1&Prime; column_link_target=\u00a0\u00bb_self\u00a0\u00bb column_shadow=\u00a0\u00bbnone\u00a0\u00bb column_border_radius=\u00a0\u00bbnone\u00a0\u00bb width=\u00a0\u00bb1\/1&Prime; tablet_width_inherit=\u00a0\u00bbdefault\u00a0\u00bb tablet_text_alignment=\u00a0\u00bbdefault\u00a0\u00bb phone_text_alignment=\u00a0\u00bbdefault\u00a0\u00bb overlay_strength=\u00a0\u00bb0.3&Prime; column_border_width=\u00a0\u00bbnone\u00a0\u00bb column_border_style=\u00a0\u00bbsolid\u00a0\u00bb bg_image_animation=\u00a0\u00bbnone\u00a0\u00bb][vc_column_text]<img decoding=\"async\" loading=\"lazy\" class=\"aboutus-picture alignright wp-image-6474\" src=\"https:\/\/staging.apolco-international.com\/wp-content\/uploads\/2020\/03\/apolco-about-us.jpg\" alt=\"\" width=\"640\" height=\"280\" srcset=\"https:\/\/www.apolco-international.com\/wp-content\/uploads\/2020\/03\/apolco-about-us.jpg 850w, https:\/\/www.apolco-international.com\/wp-content\/uploads\/2020\/03\/apolco-about-us-300x131.jpg 300w, https:\/\/www.apolco-international.com\/wp-content\/uploads\/2020\/03\/apolco-about-us-768x336.jpg 768w\" sizes=\"(max-width: 640px) 100vw, 640px\" \/>Il y a plus de dix ans et en raison des r\u00e9centes  r\u00e8glementations, nous avons constat\u00e9 une nouvelle tendance par la mise en place de nouveaux  additifs  plus complexes  ce qui entra\u00eene des tests plus complexes. Nous savions que les fabricants de lubrifiants auraient besoin d&rsquo;un partenaire fiable, non seulement pour la fourniture d&rsquo;additifs, mais aussi pour l\u2019assistance technique et la qualit\u00e9.<br \/>\nC&rsquo;est ce qui rend APOLCO Leader dans ce secteur. Elle a \u00e9t\u00e9 cr\u00e9\u00e9e dans l\u2019objectif de fournir aux entreprises de lubrifiants bien plus que des additifs, un service et et une assistance qui leur permettent de ne pas avoir \u00e0 se soucier de la qualit\u00e9 de leurs produits. A cet effet APOLCO dispose des donn\u00e9es n\u00e9cessaires pour le prouver.<br \/>\nAPOLCO s&rsquo;assure que tous ses produits sont d\u00e9velopp\u00e9s \u00e0 partir de mati\u00e8res premi\u00e8res de la plus haute qualit\u00e9 qui r\u00e9pondent aux  derni\u00e8res sp\u00e9cifications API\/ACEA\/OEM. Les partenaires d&rsquo;APOLCO peuvent se concentrer sur la fabrication des lubrifiants de pointe et APOLCO assurera par sa pr\u00e9sence et ces recommandations  les contr\u00f4les n\u00e9cessaires pour une qualit\u00e9 sup\u00e9rieure. [\/vc_column_text][\/vc_column][\/vc_row]\n","protected":false},"excerpt":{"rendered":"<p>[vc_row type=\u00a0\u00bbin_container\u00a0\u00bb full_screen_row_position=\u00a0\u00bbmiddle\u00a0\u00bb column_margin=\u00a0\u00bbdefault\u00a0\u00bb scene_position=\u00a0\u00bbcenter\u00a0\u00bb text_color=\u00a0\u00bbdark\u00a0\u00bb text_align=\u00a0\u00bbleft\u00a0\u00bb overlay_strength=\u00a0\u00bb0.3&Prime; shape_divider_position=\u00a0\u00bbbottom\u00a0\u00bb bg_image_animation=\u00a0\u00bbnone\u00a0\u00bb][vc_column column_padding=\u00a0\u00bbno-extra-padding\u00a0\u00bb column_padding_position=\u00a0\u00bball\u00a0\u00bb background_color_opacity=\u00a0\u00bb1&Prime; background_hover_color_opacity=\u00a0\u00bb1&Prime; column_link_target=\u00a0\u00bb_self\u00a0\u00bb column_shadow=\u00a0\u00bbnone\u00a0\u00bb column_border_radius=\u00a0\u00bbnone\u00a0\u00bb width=\u00a0\u00bb1\/1&Prime; tablet_width_inherit=\u00a0\u00bbdefault\u00a0\u00bb tablet_text_alignment=\u00a0\u00bbdefault\u00a0\u00bb phone_text_alignment=\u00a0\u00bbdefault\u00a0\u00bb overlay_strength=\u00a0\u00bb0.3&Prime; column_border_width=\u00a0\u00bbnone\u00a0\u00bb column_border_style=\u00a0\u00bbsolid\u00a0\u00bb bg_image_animation=\u00a0\u00bbnone\u00a0\u00bb][vc_column_text] \u00c0 propos de nous [\/vc_column_text][divider&#8230;<\/p>\n","protected":false},"author":2,"featured_media":0,"parent":0,"menu_order":0,"comment_status":"closed","ping_status":"closed","template":"","meta":{"inline_featured_image":false,"footnotes":""},"yoast_head":"<!-- This site is optimized with the Yoast SEO plugin v22.6 - https:\/\/yoast.com\/wordpress\/plugins\/seo\/ -->\n<title>\u00c0 propos de nous - Apolco B.V.<\/title>\n<meta name=\"robots\" content=\"index, follow, max-snippet:-1, max-image-preview:large, max-video-preview:-1\" \/>\n<link rel=\"canonical\" href=\"https:\/\/www.apolco-international.com\/fr\/a-propos-de-nous\/\" \/>\n<meta property=\"og:locale\" content=\"fr_FR\" \/>\n<meta property=\"og:type\" content=\"article\" \/>\n<meta property=\"og:title\" content=\"\u00c0 propos de nous - Apolco B.V.\" \/>\n<meta property=\"og:description\" content=\"[vc_row type=\u00a0\u00bbin_container\u00a0\u00bb full_screen_row_position=\u00a0\u00bbmiddle\u00a0\u00bb column_margin=\u00a0\u00bbdefault\u00a0\u00bb scene_position=\u00a0\u00bbcenter\u00a0\u00bb text_color=\u00a0\u00bbdark\u00a0\u00bb text_align=\u00a0\u00bbleft\u00a0\u00bb overlay_strength=\u00a0\u00bb0.3&Prime; shape_divider_position=\u00a0\u00bbbottom\u00a0\u00bb bg_image_animation=\u00a0\u00bbnone\u00a0\u00bb][vc_column column_padding=\u00a0\u00bbno-extra-padding\u00a0\u00bb column_padding_position=\u00a0\u00bball\u00a0\u00bb background_color_opacity=\u00a0\u00bb1&Prime; background_hover_color_opacity=\u00a0\u00bb1&Prime; column_link_target=\u00a0\u00bb_self\u00a0\u00bb column_shadow=\u00a0\u00bbnone\u00a0\u00bb column_border_radius=\u00a0\u00bbnone\u00a0\u00bb width=\u00a0\u00bb1\/1&Prime; tablet_width_inherit=\u00a0\u00bbdefault\u00a0\u00bb tablet_text_alignment=\u00a0\u00bbdefault\u00a0\u00bb phone_text_alignment=\u00a0\u00bbdefault\u00a0\u00bb overlay_strength=\u00a0\u00bb0.3&Prime; column_border_width=\u00a0\u00bbnone\u00a0\u00bb column_border_style=\u00a0\u00bbsolid\u00a0\u00bb bg_image_animation=\u00a0\u00bbnone\u00a0\u00bb][vc_column_text] \u00c0 propos de nous [\/vc_column_text][divider...\" \/>\n<meta property=\"og:url\" content=\"https:\/\/www.apolco-international.com\/fr\/a-propos-de-nous\/\" \/>\n<meta property=\"og:site_name\" content=\"Apolco B.V.\" \/>\n<meta property=\"og:image\" content=\"https:\/\/staging.apolco-international.com\/wp-content\/uploads\/2020\/03\/apolco-about-us.jpg\" \/>\n<meta name=\"twitter:card\" content=\"summary_large_image\" \/>\n<meta name=\"twitter:label1\" content=\"Dur\u00e9e de lecture estim\u00e9e\" \/>\n\t<meta name=\"twitter:data1\" content=\"2 minutes\" \/>\n<script type=\"application\/ld+json\" class=\"yoast-schema-graph\">{\"@context\":\"https:\/\/schema.org\",\"@graph\":[{\"@type\":\"WebPage\",\"@id\":\"https:\/\/www.apolco-international.com\/fr\/a-propos-de-nous\/\",\"url\":\"https:\/\/www.apolco-international.com\/fr\/a-propos-de-nous\/\",\"name\":\"\u00c0 propos de nous - Apolco B.V.\",\"isPartOf\":{\"@id\":\"https:\/\/www.apolco-international.com\/#website\"},\"primaryImageOfPage\":{\"@id\":\"https:\/\/www.apolco-international.com\/fr\/a-propos-de-nous\/#primaryimage\"},\"image\":{\"@id\":\"https:\/\/www.apolco-international.com\/fr\/a-propos-de-nous\/#primaryimage\"},\"thumbnailUrl\":\"https:\/\/staging.apolco-international.com\/wp-content\/uploads\/2020\/03\/apolco-about-us.jpg\",\"datePublished\":\"2020-11-05T08:39:07+00:00\",\"dateModified\":\"2020-11-05T08:39:07+00:00\",\"breadcrumb\":{\"@id\":\"https:\/\/www.apolco-international.com\/fr\/a-propos-de-nous\/#breadcrumb\"},\"inLanguage\":\"fr-FR\",\"potentialAction\":[{\"@type\":\"ReadAction\",\"target\":[\"https:\/\/www.apolco-international.com\/fr\/a-propos-de-nous\/\"]}]},{\"@type\":\"ImageObject\",\"inLanguage\":\"fr-FR\",\"@id\":\"https:\/\/www.apolco-international.com\/fr\/a-propos-de-nous\/#primaryimage\",\"url\":\"https:\/\/staging.apolco-international.com\/wp-content\/uploads\/2020\/03\/apolco-about-us.jpg\",\"contentUrl\":\"https:\/\/staging.apolco-international.com\/wp-content\/uploads\/2020\/03\/apolco-about-us.jpg\"},{\"@type\":\"BreadcrumbList\",\"@id\":\"https:\/\/www.apolco-international.com\/fr\/a-propos-de-nous\/#breadcrumb\",\"itemListElement\":[{\"@type\":\"ListItem\",\"position\":1,\"name\":\"Home\",\"item\":\"https:\/\/www.apolco-international.com\/fr\/\"},{\"@type\":\"ListItem\",\"position\":2,\"name\":\"\u00c0 propos de nous\"}]},{\"@type\":\"WebSite\",\"@id\":\"https:\/\/www.apolco-international.com\/#website\",\"url\":\"https:\/\/www.apolco-international.com\/\",\"name\":\"Apolco B.V.\",\"description\":\"\",\"potentialAction\":[{\"@type\":\"SearchAction\",\"target\":{\"@type\":\"EntryPoint\",\"urlTemplate\":\"https:\/\/www.apolco-international.com\/?s={search_term_string}\"},\"query-input\":\"required name=search_term_string\"}],\"inLanguage\":\"fr-FR\"}]}<\/script>\n<!-- \/ Yoast SEO plugin. -->","yoast_head_json":{"title":"\u00c0 propos de nous - Apolco B.V.","robots":{"index":"index","follow":"follow","max-snippet":"max-snippet:-1","max-image-preview":"max-image-preview:large","max-video-preview":"max-video-preview:-1"},"canonical":"https:\/\/www.apolco-international.com\/fr\/a-propos-de-nous\/","og_locale":"fr_FR","og_type":"article","og_title":"\u00c0 propos de nous - Apolco B.V.","og_description":"[vc_row type=\u00a0\u00bbin_container\u00a0\u00bb full_screen_row_position=\u00a0\u00bbmiddle\u00a0\u00bb column_margin=\u00a0\u00bbdefault\u00a0\u00bb scene_position=\u00a0\u00bbcenter\u00a0\u00bb text_color=\u00a0\u00bbdark\u00a0\u00bb text_align=\u00a0\u00bbleft\u00a0\u00bb overlay_strength=\u00a0\u00bb0.3&Prime; shape_divider_position=\u00a0\u00bbbottom\u00a0\u00bb bg_image_animation=\u00a0\u00bbnone\u00a0\u00bb][vc_column column_padding=\u00a0\u00bbno-extra-padding\u00a0\u00bb column_padding_position=\u00a0\u00bball\u00a0\u00bb background_color_opacity=\u00a0\u00bb1&Prime; background_hover_color_opacity=\u00a0\u00bb1&Prime; column_link_target=\u00a0\u00bb_self\u00a0\u00bb column_shadow=\u00a0\u00bbnone\u00a0\u00bb column_border_radius=\u00a0\u00bbnone\u00a0\u00bb width=\u00a0\u00bb1\/1&Prime; tablet_width_inherit=\u00a0\u00bbdefault\u00a0\u00bb tablet_text_alignment=\u00a0\u00bbdefault\u00a0\u00bb phone_text_alignment=\u00a0\u00bbdefault\u00a0\u00bb overlay_strength=\u00a0\u00bb0.3&Prime; column_border_width=\u00a0\u00bbnone\u00a0\u00bb column_border_style=\u00a0\u00bbsolid\u00a0\u00bb bg_image_animation=\u00a0\u00bbnone\u00a0\u00bb][vc_column_text] \u00c0 propos de nous [\/vc_column_text][divider...","og_url":"https:\/\/www.apolco-international.com\/fr\/a-propos-de-nous\/","og_site_name":"Apolco B.V.","og_image":[{"url":"https:\/\/staging.apolco-international.com\/wp-content\/uploads\/2020\/03\/apolco-about-us.jpg"}],"twitter_card":"summary_large_image","twitter_misc":{"Dur\u00e9e de lecture estim\u00e9e":"2 minutes"},"schema":{"@context":"https:\/\/schema.org","@graph":[{"@type":"WebPage","@id":"https:\/\/www.apolco-international.com\/fr\/a-propos-de-nous\/","url":"https:\/\/www.apolco-international.com\/fr\/a-propos-de-nous\/","name":"\u00c0 propos de nous - Apolco B.V.","isPartOf":{"@id":"https:\/\/www.apolco-international.com\/#website"},"primaryImageOfPage":{"@id":"https:\/\/www.apolco-international.com\/fr\/a-propos-de-nous\/#primaryimage"},"image":{"@id":"https:\/\/www.apolco-international.com\/fr\/a-propos-de-nous\/#primaryimage"},"thumbnailUrl":"https:\/\/staging.apolco-international.com\/wp-content\/uploads\/2020\/03\/apolco-about-us.jpg","datePublished":"2020-11-05T08:39:07+00:00","dateModified":"2020-11-05T08:39:07+00:00","breadcrumb":{"@id":"https:\/\/www.apolco-international.com\/fr\/a-propos-de-nous\/#breadcrumb"},"inLanguage":"fr-FR","potentialAction":[{"@type":"ReadAction","target":["https:\/\/www.apolco-international.com\/fr\/a-propos-de-nous\/"]}]},{"@type":"ImageObject","inLanguage":"fr-FR","@id":"https:\/\/www.apolco-international.com\/fr\/a-propos-de-nous\/#primaryimage","url":"https:\/\/staging.apolco-international.com\/wp-content\/uploads\/2020\/03\/apolco-about-us.jpg","contentUrl":"https:\/\/staging.apolco-international.com\/wp-content\/uploads\/2020\/03\/apolco-about-us.jpg"},{"@type":"BreadcrumbList","@id":"https:\/\/www.apolco-international.com\/fr\/a-propos-de-nous\/#breadcrumb","itemListElement":[{"@type":"ListItem","position":1,"name":"Home","item":"https:\/\/www.apolco-international.com\/fr\/"},{"@type":"ListItem","position":2,"name":"\u00c0 propos de nous"}]},{"@type":"WebSite","@id":"https:\/\/www.apolco-international.com\/#website","url":"https:\/\/www.apolco-international.com\/","name":"Apolco B.V.","description":"","potentialAction":[{"@type":"SearchAction","target":{"@type":"EntryPoint","urlTemplate":"https:\/\/www.apolco-international.com\/?s={search_term_string}"},"query-input":"required name=search_term_string"}],"inLanguage":"fr-FR"}]}},"_links":{"self":[{"href":"https:\/\/www.apolco-international.com\/fr\/wp-json\/wp\/v2\/pages\/6709\/"}],"collection":[{"href":"https:\/\/www.apolco-international.com\/fr\/wp-json\/wp\/v2\/pages\/"}],"about":[{"href":"https:\/\/www.apolco-international.com\/fr\/wp-json\/wp\/v2\/types\/page\/"}],"author":[{"embeddable":true,"href":"https:\/\/www.apolco-international.com\/fr\/wp-json\/wp\/v2\/users\/2\/"}],"replies":[{"embeddable":true,"href":"https:\/\/www.apolco-international.com\/fr\/wp-json\/wp\/v2\/comments\/?post=6709"}],"version-history":[{"count":1,"href":"https:\/\/www.apolco-international.com\/fr\/wp-json\/wp\/v2\/pages\/6709\/revisions\/"}],"predecessor-version":[{"id":6710,"href":"https:\/\/www.apolco-international.com\/fr\/wp-json\/wp\/v2\/pages\/6709\/revisions\/6710\/"}],"wp:attachment":[{"href":"https:\/\/www.apolco-international.com\/fr\/wp-json\/wp\/v2\/media\/?parent=6709"}],"curies":[{"name":"wp","href":"https:\/\/api.w.org\/{rel}","templated":true}]}}